{"id":203,"date":"2016-07-17T14:02:30","date_gmt":"2016-07-17T12:02:30","guid":{"rendered":"http:\/\/kgv-klosterkamp.de\/?page_id=203"},"modified":"2020-02-16T00:03:42","modified_gmt":"2020-02-15T23:03:42","slug":"anfahrt","status":"publish","type":"page","link":"http:\/\/kgv-klosterkamp.de\/?page_id=203","title":{"rendered":"Anfahrt"},"content":{"rendered":"<h1 style=\"text-align: center;\"><span style=\"color: #008000;\">Anfahrt zum Kleing\u00e4rtnerverein Klosterkamp e. V. in Braunschweig<\/span><\/h1>\n<div class=\"inner-wrap\" style=\"text-align: center;\">&nbsp;\n<table id=\"tablepress-7\" class=\"tablepress tablepress-id-7\">\n<thead>\n<tr class=\"row-1 odd\">\n\t<th class=\"column-1\">Adresse<\/th><th class=\"column-2\">Karte<\/th>\n<\/tr>\n<\/thead>\n<tbody class=\"row-hover\">\n<tr class=\"row-2 even\">\n\t<td class=\"column-1\">Kleing\u00e4rtnerverein Klosterkamp e. V.<br \/>\nAlte Frankfurter Stra\u00dfe 215<br \/>\n38122 Braunschweig<\/td><td class=\"column-2\"><iframe loading=\"lazy\" src=\"https:\/\/www.google.com\/maps\/embed?pb=!1m18!1m12!1m3!1d2054.2134250707627!2d10.507016449787708!3d52.24546842738864!2m3!1f0!2f0!3f0!3m2!1i1024!2i768!4f13.1!3m3!1m2!1s0x47aff60583e65e23%3A0x44b14d454394a7ac!2sKleing%C3%A4rtnerverein+Klosterkamp+e.V.!5e0!3m2!1sde!2sde!4v1468756486957\" width=\"600\" height=\"450\" frameborder=\"0\" style=\"border:0\" allowfullscreen><\/iframe><\/td>\n<\/tr>\n<tr class=\"row-3 odd\">\n\t<td class=\"column-1\">Anfahrt mit dem Auto von S\u00fcden:<\/td><td class=\"column-2\"><br \/>\nAuf der A7\/A39 fahren Sie nach Braunschweig und<br \/>\nhalten Sie sich Richtung L\u00fcneburg\/Celle. Nehmen Sie<br \/>\ndie Ausfahrt Braunschweig \u2013 Gartenstadt, Frankfurter Stra\u00dfe,<br \/>\nfahren Sie dann die n\u00e4chste links und unter der Stadtautobahn<br \/>\ndurch und biegen Sie nach 50m links in die Alte Frankfurter<br \/>\nStra\u00dfe ein. Nach weiteren 100m haben Sie rechts das Ziel<br \/>\nerreicht. Parkpl\u00e4tze sind am Vereinsheim oder an der Stra\u00dfe selbst.<br \/>\n<\/td>\n<\/tr>\n<tr class=\"row-4 even\">\n\t<td class=\"column-1\">Anfahrt mit dem Auto von Norden:<\/td><td class=\"column-2\">Von Norden kommend:<br \/>\nSie kommen von der A2 aus Richtung Berlin oder Hannover und fahren auf die Stadtautobahn (A391) Richtung<br \/>\nSalzgitter\/Kassel bis zur Ausfahrt Braunschweig \u2013 Gartenstadt.<br \/>\nRechts runter fahren, die n\u00e4chste Stra\u00dfe rechts in die Alte Frankfurter Stra\u00dfe<br \/>\neinbiegen. Nach weiteren 100m haben Sie rechts das<br \/>\nZiel erreicht. Parkpl\u00e4tze sind am Vereinsheim oder an der Stra\u00dfe selbst.<\/td>\n<\/tr>\n<tr class=\"row-5 odd\">\n\t<td class=\"column-1\">F\u00fcr die Anfahrt mit \u00f6ffentlichen Verkehrsmitteln:<\/td><td class=\"column-2\">Linien 413<br \/>\nHaltestelle \u201eAm Klosterkamp\u201c<\/td>\n<\/tr>\n<\/tbody>\n<\/table>\n<!-- #tablepress-7 from cache --><\/div>\n<p>&nbsp;<\/p>\n<h5 style=\"text-align: center;\"><\/h5>\n","protected":false},"excerpt":{"rendered":"<p>Anfahrt zum Kleing\u00e4rtnerverein Klosterkamp e. V. in Braunschweig &nbsp; &nbsp;<\/p>\n","protected":false},"author":1,"featured_media":509,"parent":0,"menu_order":0,"comment_status":"closed","ping_status":"closed","template":"page-templates\/full-width.php","meta":{"footnotes":""},"_links":{"self":[{"href":"http:\/\/kgv-klosterkamp.de\/index.php?rest_route=\/wp\/v2\/pages\/203"}],"collection":[{"href":"http:\/\/kgv-klosterkamp.de\/index.php?rest_route=\/wp\/v2\/pages"}],"about":[{"href":"http:\/\/kgv-klosterkamp.de\/index.php?rest_route=\/wp\/v2\/types\/page"}],"author":[{"embeddable":true,"href":"http:\/\/kgv-klosterkamp.de\/index.php?rest_route=\/wp\/v2\/users\/1"}],"replies":[{"embeddable":true,"href":"http:\/\/kgv-klosterkamp.de\/index.php?rest_route=%2Fwp%2Fv2%2Fcomments&post=203"}],"version-history":[{"count":7,"href":"http:\/\/kgv-klosterkamp.de\/index.php?rest_route=\/wp\/v2\/pages\/203\/revisions"}],"predecessor-version":[{"id":510,"href":"http:\/\/kgv-klosterkamp.de\/index.php?rest_route=\/wp\/v2\/pages\/203\/revisions\/510"}],"wp:featuredmedia":[{"embeddable":true,"href":"http:\/\/kgv-klosterkamp.de\/index.php?rest_route=\/wp\/v2\/media\/509"}],"wp:attachment":[{"href":"http:\/\/kgv-klosterkamp.de\/index.php?rest_route=%2Fwp%2Fv2%2Fmedia&parent=203"}],"curies":[{"name":"wp","href":"https:\/\/api.w.org\/{rel}","templated":true}]}}