{"id":2,"date":"2015-12-22T07:07:04","date_gmt":"2015-12-22T06:07:04","guid":{"rendered":"http:\/\/kgv-klosterkamp.de\/?page_id=2"},"modified":"2020-02-16T00:21:46","modified_gmt":"2020-02-15T23:21:46","slug":"beispiel-seite","status":"publish","type":"page","link":"http:\/\/kgv-klosterkamp.de\/","title":{"rendered":"Herzlich Willkommen!"},"content":{"rendered":"\n<figure class=\"wp-block-image is-resized\"><img loading=\"lazy\" decoding=\"async\" src=\"http:\/\/kgv-klosterkamp.de\/wp-content\/uploads\/2020\/02\/20200215_141432-1024x135.jpg\" alt=\"\" class=\"wp-image-471\" width=\"476\" height=\"62\" srcset=\"http:\/\/kgv-klosterkamp.de\/wp-content\/uploads\/2020\/02\/20200215_141432-1024x135.jpg 1024w, http:\/\/kgv-klosterkamp.de\/wp-content\/uploads\/2020\/02\/20200215_141432-300x40.jpg 300w, http:\/\/kgv-klosterkamp.de\/wp-content\/uploads\/2020\/02\/20200215_141432-768x101.jpg 768w\" sizes=\"(max-width: 476px) 100vw, 476px\" \/><\/figure>\n\n\n<h4 style=\"text-align: center;\"><span style=\"color: #000000;\"><strong>Dies ist die Internetseite des Kleing\u00e4rtnervereines Klosterkamp im westlichen Ringgebiet in Braunschweig.<br><\/strong><\/span><\/h4>\n<h5 style=\"text-align: center;\">Wir freuen uns \u00fcber Ihr Interesse und hoffen hier einen ersten kleinen Einblick in den Verein und sein Wesen geben zu k\u00f6nnen.<\/h5>\n<h5 style=\"text-align: center;\">Viel Spa\u00df beim St\u00f6bern und wenn sich Fragen ergeben, so z\u00f6gern Sie bitte nicht uns zu kontaktieren.<\/h5>\n<h5 style=\"text-align: center;\">Feedback ist uns in jedem Fall wichtig und erw\u00fcnscht!<\/h5>\n<p><\/p>","protected":false},"excerpt":{"rendered":"<p>Dies ist die Internetseite des Kleing\u00e4rtnervereines Klosterkamp im westlichen Ringgebiet in Braunschweig. Wir freuen uns \u00fcber Ihr Interesse und hoffen hier einen ersten kleinen Einblick in den Verein und sein Wesen geben zu k\u00f6nnen. Viel Spa\u00df beim St\u00f6bern und wenn sich Fragen ergeben, so z\u00f6gern Sie bitte nicht uns zu kontaktieren. Feedback ist uns in &hellip; <a href=\"http:\/\/kgv-klosterkamp.de\/\" class=\"more-link\"><span class=\"screen-reader-text\">Herzlich Willkommen!<\/span> weiterlesen <span class=\"meta-nav\">&rarr;<\/span><\/a><\/p>\n","protected":false},"author":1,"featured_media":439,"parent":0,"menu_order":1,"comment_status":"closed","ping_status":"open","template":"page-templates\/full-width.php","meta":{"footnotes":""},"_links":{"self":[{"href":"http:\/\/kgv-klosterkamp.de\/index.php?rest_route=\/wp\/v2\/pages\/2"}],"collection":[{"href":"http:\/\/kgv-klosterkamp.de\/index.php?rest_route=\/wp\/v2\/pages"}],"about":[{"href":"http:\/\/kgv-klosterkamp.de\/index.php?rest_route=\/wp\/v2\/types\/page"}],"author":[{"embeddable":true,"href":"http:\/\/kgv-klosterkamp.de\/index.php?rest_route=\/wp\/v2\/users\/1"}],"replies":[{"embeddable":true,"href":"http:\/\/kgv-klosterkamp.de\/index.php?rest_route=%2Fwp%2Fv2%2Fcomments&post=2"}],"version-history":[{"count":65,"href":"http:\/\/kgv-klosterkamp.de\/index.php?rest_route=\/wp\/v2\/pages\/2\/revisions"}],"predecessor-version":[{"id":837,"href":"http:\/\/kgv-klosterkamp.de\/index.php?rest_route=\/wp\/v2\/pages\/2\/revisions\/837"}],"wp:featuredmedia":[{"embeddable":true,"href":"http:\/\/kgv-klosterkamp.de\/index.php?rest_route=\/wp\/v2\/media\/439"}],"wp:attachment":[{"href":"http:\/\/kgv-klosterkamp.de\/index.php?rest_route=%2Fwp%2Fv2%2Fmedia&parent=2"}],"curies":[{"name":"wp","href":"https:\/\/api.w.org\/{rel}","templated":true}]}}